{"id":8,"date":"2021-07-05T10:46:08","date_gmt":"2021-07-05T07:46:08","guid":{"rendered":"https:\/\/balikesirpeyzaj.com.tr\/?page_id=8"},"modified":"2021-07-05T13:13:52","modified_gmt":"2021-07-05T10:13:52","slug":"kurumsal","status":"publish","type":"page","link":"https:\/\/www.balikesirpeyzaj.com.tr\/?page_id=8","title":{"rendered":"Kurumsal"},"content":{"rendered":"\n<p>20 y\u0131ll\u0131k tecr\u00fcbemiz ile Bal\u0131kesir ve t\u00fcm T\u00fcrkiye\u2019de hizmet veriyoruz.<\/p>\n\n\n\n<p>20 y\u0131ll\u0131k deneyime sahip Bal\u0131kesir Peyzaj en kaliteli \u00fcr\u00fcnler ile profesyonel hizmet vermeye devam ediyor.<\/p>\n\n\n\n<p>Betonla\u015fan binalar aras\u0131nda ye\u015fil alanlar tasarlarken her zaman do\u011fan\u0131n ve sizlerin mutlulu\u011fu i\u00e7in en iyi se\u00e7imleri yap\u0131yoruz.<\/p>\n\n\n\n<p>Ye\u015fil ofis, bah\u00e7e bak\u0131m, bah\u00e7e d\u00fczenleme, peyzaj planlama, peyzaj uygulama, \u00e7im uygulamalar\u0131 ve asl\u0131nda bah\u00e7e i\u015flerine dair her \u015fey ile sizlere destek veriyoruz.<\/p>\n\n\n\n<p>Teraslarda minik bah\u00e7eler, beton duvarlar\u0131n \u00fczerine ya\u015fayan dikey bah\u00e7eler, ofisleri daha fazla nefes al\u0131nabilen mekanlara, ortak ya\u015fam alanlar\u0131nda dostlu\u011fun ve samimiyetin do\u011fal olu\u015fumunu destekleyen mekanlar tasarl\u0131yoruz.<\/p>\n\n\n\n<p>Uygulad\u0131\u011f\u0131m\u0131z bu alanlar\u0131n devaml\u0131l\u0131\u011f\u0131n\u0131 ve her mevsim ya\u015fan\u0131l\u0131r k\u0131l\u0131nmas\u0131n\u0131 i\u00e7in tecr\u00fcbeli bah\u00e7\u0131vanlar\u0131m\u0131zla periyodik bak\u0131mlar\u0131n\u0131 yap\u0131yoruz.<\/p>\n","protected":false},"excerpt":{"rendered":"<div class=\"slide-text-bg2\"><span>20 y\u0131ll\u0131k tecr\u00fcbemiz ile Bal\u0131kesir ve t\u00fcm T\u00fcrkiye\u2019de hizmet veriyoruz. 20 y\u0131ll\u0131k deneyime sahip Bal\u0131kesir Peyzaj en kaliteli \u00fcr\u00fcnler ile profe<\/span><\/div>\n<div class=\"slide-btn-area-sm\"><a href=\"https:\/\/www.balikesirpeyzaj.com.tr\/?page_id=8\" class=\"slide-btn-sm\">Devam\u0131n\u0131 oku<\/a><\/div>\n","protected":false},"author":1,"featured_media":0,"parent":0,"menu_order":0,"comment_status":"closed","ping_status":"closed","template":"","meta":{"footnotes":""},"class_list":["post-8","page","type-page","status-publish","hentry"],"_links":{"self":[{"href":"https:\/\/www.balikesirpeyzaj.com.tr\/index.php?rest_route=\/wp\/v2\/pages\/8","targetHints":{"allow":["GET"]}}],"collection":[{"href":"https:\/\/www.balikesirpeyzaj.com.tr\/index.php?rest_route=\/wp\/v2\/pages"}],"about":[{"href":"https:\/\/www.balikesirpeyzaj.com.tr\/index.php?rest_route=\/wp\/v2\/types\/page"}],"author":[{"embeddable":true,"href":"https:\/\/www.balikesirpeyzaj.com.tr\/index.php?rest_route=\/wp\/v2\/users\/1"}],"replies":[{"embeddable":true,"href":"https:\/\/www.balikesirpeyzaj.com.tr\/index.php?rest_route=%2Fwp%2Fv2%2Fcomments&post=8"}],"version-history":[{"count":3,"href":"https:\/\/www.balikesirpeyzaj.com.tr\/index.php?rest_route=\/wp\/v2\/pages\/8\/revisions"}],"predecessor-version":[{"id":22,"href":"https:\/\/www.balikesirpeyzaj.com.tr\/index.php?rest_route=\/wp\/v2\/pages\/8\/revisions\/22"}],"wp:attachment":[{"href":"https:\/\/www.balikesirpeyzaj.com.tr\/index.php?rest_route=%2Fwp%2Fv2%2Fmedia&parent=8"}],"curies":[{"name":"wp","href":"https:\/\/api.w.org\/{rel}","templated":true}]}}